{"id":2345,"date":"2020-12-10T14:36:13","date_gmt":"2020-12-10T13:36:13","guid":{"rendered":"https:\/\/samuelvanille.com\/privacy-policy\/"},"modified":"2025-06-07T15:11:34","modified_gmt":"2025-06-07T13:11:34","slug":"privacy-policy","status":"publish","type":"page","link":"https:\/\/samuelvanille.com\/en\/privacy-policy\/","title":{"rendered":"Privacy Policy"},"content":{"rendered":"\n<h2 class=\"wp-block-heading\">Who are We?<\/h2>\n\n<p>The address of our site is: https:\/\/samuelvanille.com.<\/p>\n\n<h2 class=\"wp-block-heading\">Use of Collected Personal Data<\/h2>\n\n<h3 class=\"wp-block-heading\">Comments<\/h3>\n\n<p>When you leave a comment on our site, the data entered in the comment form, as well as your IP address and your browser&#8217;s user agent are collected to help us detect unwanted comments.<\/p>\n\n<p>An anonymized string created from your email address (also called a hash) may be sent to the Gravatar service to check if you are using it. The Gravatar service privacy policy is available here: https:\/\/automattic.com\/privacy\/. After approval of your comment, your profile picture will be visible to the public next to your comment.<\/p>\n\n<h3 class=\"wp-block-heading\">Media<\/h3>\n\n<p>If you upload images to the site, we advise you to avoid uploading images containing EXIF GPS coordinate data. Visitors to your site can download and extract location data from these images.<\/p>\n\n<h3 class=\"wp-block-heading\">Contact Forms<\/h3>\n\n<h3 class=\"wp-block-heading\">Cookies<\/h3>\n\n<p>If you leave a comment on our site, you will be offered to save your name, email address and website in cookies. This is solely for your convenience so that you don&#8217;t have to enter this information again if you leave another comment later. These cookies will expire after one year.<\/p>\n\n<p>If you visit our login page, a temporary cookie will be created to determine if your browser accepts cookies. It contains no personal data and will be automatically deleted when you close your browser.<\/p>\n\n<p>When you log in, we will set up several cookies to save your login information and screen preferences. Login cookies last for two days, and screen option cookies last for a year. If you select \u201cRemember Me\u201d, your login cookie will be kept for two weeks. If you log out of your account, the login cookie will be deleted.<\/p>\n\n<p>If you edit or publish a post, an additional cookie will be saved in your browser. This cookie includes no personal data. It simply indicates the post ID of the article you just edited. It expires after one day.<\/p>\n\n<h3 class=\"wp-block-heading\">Embedded Content from other Websites<\/h3>\n\n<p>Articles on this site may include embedded content (such as videos, images, articles&#8230;). Embedded content from other websites behaves in the same way as if the visitor had visited the other website.<\/p>\n\n<p>These websites may collect data about you, use cookies, embed third-party tracking tools, and monitor your interactions with the embedded content if you have an account connected to their website.<\/p>\n\n<h3 class=\"wp-block-heading\">Statistics and Audience Measurements<\/h3>\n<p id=\"matomo_opted_out_intro\" style=\"display:none;\">Cookie d&#039;exclusion install\u00e9. Vos visites sur ce site web ne seront PAS enregistr\u00e9es par notre outil d&#039;analyse web. Note\u00a0: si vous nettoyez vos cookies et supprimez le cookie d&#039;exclusion, ou bien si vous changez d&#039;ordinateur et\/ou de navigateur, il vous faudra de nouveau effectuer la proc\u00e9dure d&#039;exclusion.<\/p><p id=\"matomo_opted_in_intro\" >Vous pouvez vous opposer au suivi de votre navigation sur ce site web. Cela prot\u00e9gera votre vie priv\u00e9e, mais emp\u00eachera \u00e9galement le propri\u00e9taire d&#039;apprendre de vos actions et de cr\u00e9er une meilleure exp\u00e9rience pour vous et les autres utilisateurs.<\/p><form>\n        <input type=\"checkbox\" id=\"matomo_optout_checkbox\" checked=\"checked\"\/>\n        <label for=\"matomo_optout_checkbox\"><strong>\n        <span id=\"matomo_opted_in_label\" >Vous n&#039;\u00eates pas exclu(e). D\u00e9cochez cette case pour vous exclure.<\/span>\n\t\t<span id=\"matomo_opted_out_label\" style=\"display:none;\">Vous n&#039;\u00eates actuellement pas suivi(e). Cochez cette case si vous acceptez d&#039;\u00eatre suivi.<\/span>\n        <\/strong><\/label><\/form><noscript><p><strong style=\"color: #ff0000;\">This opt out feature requires JavaScript.<\/strong><\/p><\/noscript><p id=\"matomo_outout_err_cookies\" style=\"display: none;\"><strong>La fonctionnalit\u00e9 de d\u00e9sactivation du suivi n\u00e9cessite que les cookies soient autoris\u00e9s.<\/strong><\/p>\n\n<h2 class=\"wp-block-heading\">Use and Transmission of your Personal Data<\/h2>\n\n<p>If you request a password reset, your IP address will be included in the reset email.<\/p>\n\n<h2 class=\"wp-block-heading\">How Long We Keep your Data<\/h2>\n\n<p>If you leave a comment, the comment and its metadata are retained indefinitely. This allows us to recognize and approve any follow-up comments automatically instead of holding them in a moderation queue.<\/p>\n\n<p>For user accounts that register on our website (if any), we also store the personal information they provide in their user profile. All users can see, edit, or delete their personal information at any time (except they cannot change their username). Website administrators can also see and edit this information.<\/p>\n\n<h2 class=\"wp-block-heading\">What Rights You Have over your Data<\/h2>\n\n<p>If you have an account or have left comments on the site, you can request to receive a file containing all the personal data we hold about you, including the data you have provided to us. You can also request that we delete any personal data we hold about you. This does not include any data we are obliged to keep for administrative, legal, or security purposes.<\/p>\n\n<h2 class=\"wp-block-heading\">Transmission of your Personal Data<\/h2>\n\n<p>Visitors&#8217; comments may be checked through an automated spam detection service.<\/p>\n\n<h2 class=\"wp-block-heading\">Contact Information<\/h2>\n","protected":false},"excerpt":{"rendered":"<p>Who are We? The address of our site is: https:\/\/samuelvanille.com. Use of Collected Personal Data Comments When you leave a comment on our site, the data entered in the comment&#8230;<\/p>\n","protected":false},"author":1,"featured_media":0,"parent":0,"menu_order":0,"comment_status":"closed","ping_status":"open","template":"","meta":{"footnotes":""},"class_list":["post-2345","page","type-page","status-publish"],"_links":{"self":[{"href":"https:\/\/samuelvanille.com\/en\/wp-json\/wp\/v2\/pages\/2345","targetHints":{"allow":["GET"]}}],"collection":[{"href":"https:\/\/samuelvanille.com\/en\/wp-json\/wp\/v2\/pages"}],"about":[{"href":"https:\/\/samuelvanille.com\/en\/wp-json\/wp\/v2\/types\/page"}],"author":[{"embeddable":true,"href":"https:\/\/samuelvanille.com\/en\/wp-json\/wp\/v2\/users\/1"}],"replies":[{"embeddable":true,"href":"https:\/\/samuelvanille.com\/en\/wp-json\/wp\/v2\/comments?post=2345"}],"version-history":[{"count":1,"href":"https:\/\/samuelvanille.com\/en\/wp-json\/wp\/v2\/pages\/2345\/revisions"}],"predecessor-version":[{"id":2352,"href":"https:\/\/samuelvanille.com\/en\/wp-json\/wp\/v2\/pages\/2345\/revisions\/2352"}],"wp:attachment":[{"href":"https:\/\/samuelvanille.com\/en\/wp-json\/wp\/v2\/media?parent=2345"}],"curies":[{"name":"wp","href":"https:\/\/api.w.org\/{rel}","templated":true}]}}