{"id":2323,"date":"2020-12-10T14:36:13","date_gmt":"2020-12-10T13:36:13","guid":{"rendered":"https:\/\/samuelvanille.com\/informativa-sulla-privacy\/"},"modified":"2025-06-07T15:11:20","modified_gmt":"2025-06-07T13:11:20","slug":"informativa-sulla-privacy","status":"publish","type":"page","link":"https:\/\/samuelvanille.com\/it\/informativa-sulla-privacy\/","title":{"rendered":"Informativa sulla privacy"},"content":{"rendered":"\n<h2 class=\"wp-block-heading\">Chi siamo?<\/h2>\n\n<p>L&#8217;indirizzo del nostro sito web \u00e8: https:\/\/samuelvanille.com.<\/p>\n\n<h2 class=\"wp-block-heading\">Utilizzo dei dati personali raccolti<\/h2>\n\n<h3 class=\"wp-block-heading\">Commenti<\/h3>\n\n<p>Quando lasci un commento sul nostro sito, i dati inseriti nel modulo di commento, il tuo indirizzo IP e l&#8217;user agent del tuo browser vengono raccolti per aiutarci a individuare i commenti indesiderati.<\/p>\n\n<p>Una stringa anonima creata a partire dal tuo indirizzo e-mail (nota anche come hash) pu\u00f2 essere inviata al servizio Gravatar per verificare che tu lo stia utilizzando. L&#8217;informativa sulla privacy di Gravatar \u00e8 disponibile qui: https:\/\/automattic.com\/privacy\/. Una volta che il tuo commento \u00e8 stato convalidato, la foto del tuo profilo sar\u00e0 visibile pubblicamente accanto al tuo commento.<\/p>\n\n<h3 class=\"wp-block-heading\">Media<\/h3>\n\n<p>Se carichi immagini sul sito, ti consigliamo di evitare di caricare immagini contenenti dati EXIF di coordinate GPS. Le persone che visitano il tuo sito possono scaricare ed estrarre i dati di localizzazione da queste immagini.<\/p>\n\n<h3 class=\"wp-block-heading\">Moduli di contatto<\/h3>\n\n<h3 class=\"wp-block-heading\">Biscotti<\/h3>\n\n<p>Se lasci un commento sul nostro sito, ti verr\u00e0 chiesto di salvare il tuo nome, l&#8217;indirizzo e-mail e il sito nei cookie. Questo \u00e8 solo per comodit\u00e0, in modo che tu non debba inserire queste informazioni se pubblichi un altro commento in seguito. Questi cookie scadono dopo un anno.<\/p>\n\n<p>Se accedi alla pagina di login, verr\u00e0 creato un cookie temporaneo per determinare se il tuo browser accetta i cookie. Non contiene dati personali e verr\u00e0 cancellato automaticamente alla chiusura del browser.<\/p>\n\n<p>Quando effettui l&#8217;accesso, imposteremo una serie di cookie per registrare i tuoi dati di accesso e le tue preferenze sullo schermo. La durata di un cookie di connessione \u00e8 di due giorni, quella di un cookie di opzione dello schermo \u00e8 di un anno. Se selezioni \u201cRicordami\u201d, il cookie di connessione verr\u00e0 memorizzato per quindici giorni. Se esci dal tuo account, il cookie di connessione verr\u00e0 cancellato.<\/p>\n\n<p>Modificando o pubblicando una pubblicazione, un ulteriore cookie verr\u00e0 memorizzato nel tuo browser. Questo cookie non contiene dati personali. Indica semplicemente l&#8217;ID della pubblicazione che hai appena modificato. Scade dopo un giorno.<\/p>\n\n<h3 class=\"wp-block-heading\">Contenuti incorporati da altri siti<\/h3>\n\n<p>Gli articoli di questo sito possono includere contenuti incorporati (ad esempio video, immagini, articoli, ecc.). I contenuti integrati da altri siti si comportano come se il visitatore stesse visitando l&#8217;altro sito.<\/p>\n\n<p>Questi siti web possono raccogliere dati su di te, utilizzare cookie, incorporare strumenti di tracciamento di terze parti e tracciare le tue interazioni con questi contenuti incorporati se hai un account collegato al loro sito web.<\/p>\n\n<h3 class=\"wp-block-heading\">Statistiche e misurazione del pubblico<\/h3>\n<p id=\"matomo_opted_out_intro\" style=\"display:none;\">Cookie d&#039;exclusion install\u00e9. Vos visites sur ce site web ne seront PAS enregistr\u00e9es par notre outil d&#039;analyse web. Note\u00a0: si vous nettoyez vos cookies et supprimez le cookie d&#039;exclusion, ou bien si vous changez d&#039;ordinateur et\/ou de navigateur, il vous faudra de nouveau effectuer la proc\u00e9dure d&#039;exclusion.<\/p><p id=\"matomo_opted_in_intro\" >Vous pouvez vous opposer au suivi de votre navigation sur ce site web. Cela prot\u00e9gera votre vie priv\u00e9e, mais emp\u00eachera \u00e9galement le propri\u00e9taire d&#039;apprendre de vos actions et de cr\u00e9er une meilleure exp\u00e9rience pour vous et les autres utilisateurs.<\/p><form>\n        <input type=\"checkbox\" id=\"matomo_optout_checkbox\" checked=\"checked\"\/>\n        <label for=\"matomo_optout_checkbox\"><strong>\n        <span id=\"matomo_opted_in_label\" >Vous n&#039;\u00eates pas exclu(e). D\u00e9cochez cette case pour vous exclure.<\/span>\n\t\t<span id=\"matomo_opted_out_label\" style=\"display:none;\">Vous n&#039;\u00eates actuellement pas suivi(e). Cochez cette case si vous acceptez d&#039;\u00eatre suivi.<\/span>\n        <\/strong><\/label><\/form><noscript><p><strong style=\"color: #ff0000;\">This opt out feature requires JavaScript.<\/strong><\/p><\/noscript><p id=\"matomo_outout_err_cookies\" style=\"display: none;\"><strong>La fonctionnalit\u00e9 de d\u00e9sactivation du suivi n\u00e9cessite que les cookies soient autoris\u00e9s.<\/strong><\/p>\n\n<h2 class=\"wp-block-heading\">Utilizzo e trasmissione dei tuoi dati personali<\/h2>\n\n<p>Se richiedi la reimpostazione della password, il tuo indirizzo IP sar\u00e0 incluso nell&#8217;e-mail di reimpostazione.<\/p>\n\n<h2 class=\"wp-block-heading\">Periodi di conservazione dei tuoi dati<\/h2>\n\n<p>Se lasci un commento, il commento e i suoi metadati vengono conservati a tempo indeterminato. In questo modo i commenti successivi verranno riconosciuti e approvati automaticamente, invece di rimanere nella coda di moderazione.<\/p>\n\n<p>Per gli account che si registrano sul nostro sito (ove applicabile), memorizziamo anche i dati personali indicati nel loro profilo. Tutti gli account possono visualizzare, modificare o cancellare le proprie informazioni personali in qualsiasi momento (ad eccezione del proprio login). Anche i gestori del sito possono visualizzare e modificare queste informazioni.<\/p>\n\n<h2 class=\"wp-block-heading\">I diritti che hai sui tuoi dati<\/h2>\n\n<p>Se hai un account o se hai lasciato commenti sul sito, puoi richiedere di ricevere un file contenente tutti i dati personali in nostro possesso, compresi quelli che ci hai fornito. Puoi anche chiedere la cancellazione dei tuoi dati personali. Questo non include i dati memorizzati per scopi amministrativi, legali o di sicurezza.<\/p>\n\n<h2 class=\"wp-block-heading\">Trasmissione dei tuoi dati personali<\/h2>\n\n<p>I commenti dei visitatori possono essere controllati con un servizio automatico per individuare i commenti indesiderati.<\/p>\n\n<h2 class=\"wp-block-heading\">Informazioni di contatto<\/h2>\n","protected":false},"excerpt":{"rendered":"<p>Chi siamo? L&#8217;indirizzo del nostro sito web \u00e8: https:\/\/samuelvanille.com. Utilizzo dei dati personali raccolti Commenti Quando lasci un commento sul nostro sito, i dati inseriti nel modulo di commento, il&#8230;<\/p>\n","protected":false},"author":1,"featured_media":0,"parent":0,"menu_order":0,"comment_status":"closed","ping_status":"open","template":"","meta":{"footnotes":""},"class_list":["post-2323","page","type-page","status-publish"],"_links":{"self":[{"href":"https:\/\/samuelvanille.com\/it\/wp-json\/wp\/v2\/pages\/2323","targetHints":{"allow":["GET"]}}],"collection":[{"href":"https:\/\/samuelvanille.com\/it\/wp-json\/wp\/v2\/pages"}],"about":[{"href":"https:\/\/samuelvanille.com\/it\/wp-json\/wp\/v2\/types\/page"}],"author":[{"embeddable":true,"href":"https:\/\/samuelvanille.com\/it\/wp-json\/wp\/v2\/users\/1"}],"replies":[{"embeddable":true,"href":"https:\/\/samuelvanille.com\/it\/wp-json\/wp\/v2\/comments?post=2323"}],"version-history":[{"count":1,"href":"https:\/\/samuelvanille.com\/it\/wp-json\/wp\/v2\/pages\/2323\/revisions"}],"predecessor-version":[{"id":2327,"href":"https:\/\/samuelvanille.com\/it\/wp-json\/wp\/v2\/pages\/2323\/revisions\/2327"}],"wp:attachment":[{"href":"https:\/\/samuelvanille.com\/it\/wp-json\/wp\/v2\/media?parent=2323"}],"curies":[{"name":"wp","href":"https:\/\/api.w.org\/{rel}","templated":true}]}}