{"id":2514,"date":"2020-12-10T14:36:13","date_gmt":"2020-12-10T13:36:13","guid":{"rendered":"https:\/\/samuelvanille.com\/privacybeleid\/"},"modified":"2025-06-07T15:13:35","modified_gmt":"2025-06-07T13:13:35","slug":"privacybeleid","status":"publish","type":"page","link":"https:\/\/samuelvanille.com\/nl\/privacybeleid\/","title":{"rendered":"Privacybeleid"},"content":{"rendered":"\n<h2 class=\"wp-block-heading\">Wie zijn we?<\/h2>\n\n<p>Het adres van onze site is: https:\/\/samuelvanille.com.<\/p>\n\n<h2 class=\"wp-block-heading\">Gebruik van verzamelde persoonlijke gegevens<\/h2>\n\n<h3 class=\"wp-block-heading\">Reacties<\/h3>\n\n<p>Als je een reactie achterlaat op onze site, worden de gegevens in het reactieformulier, maar ook je IP-adres en de user agent van je browser verzameld om ons te helpen bij het opsporen van ongewenste reacties.<\/p>\n\n<p>Een geanonimiseerde string die is gemaakt op basis van je e-mailadres (ook wel een hash genoemd) kan worden gestuurd naar de Gravatar-service om te checken of je deze gebruikt. Het privacybeleid van de Gravatar-service vind je hier: https:\/\/automattic.com\/privacy\/. Nadat je reactie is goedgekeurd, is je profielfoto publiekelijk zichtbaar naast je reactie.<\/p>\n\n<h3 class=\"wp-block-heading\">Media<\/h3>\n\n<p>Als je afbeeldingen uploadt naar de site, raden we je aan om geen afbeeldingen met GPS-locatiegegevens (EXIF data) te uploaden. Bezoekers van de site kunnen deze locatiegegevens downloaden en extraheren uit de afbeeldingen.<\/p>\n\n<h3 class=\"wp-block-heading\">Contactformulieren<\/h3>\n\n<h3 class=\"wp-block-heading\">Cookies<\/h3>\n\n<p>Als je een reactie achterlaat op onze site, kun je aangeven of je naam, e-mailadres en website in een cookie opgeslagen mogen worden. Dit is puur voor je gemak, zodat je deze gegevens niet opnieuw hoeft in te vullen voor een nieuwe reactie. Deze cookies zijn een jaar geldig.<\/p>\n\n<p>Als je naar de inlogpagina gaat, wordt er een tijdelijke cookie aangemaakt om te bepalen of je browser cookies accepteert. Deze cookie bevat geen persoonlijke data en wordt automatisch verwijderd zodra je je browser sluit.<\/p>\n\n<p>Wanneer je inlogt, zullen we enkele cookies aanmaken om je inloggegevens en schermvoorkeuren op te slaan. Inlogcookies zijn twee dagen geldig en cookies voor schermvoorkeuren zijn een jaar geldig. Als je \u201cOnthoud mij\u201d aanvinkt, blijft je cookie twee weken geldig. Als je uitlogt, worden de inlogcookies verwijderd.<\/p>\n\n<p>Als je een artikel bewerkt of publiceert, wordt er een extra cookie in je browser opgeslagen. Deze cookie bevat geen persoonlijke data. Het geeft simpelweg de ID van het artikel aan dat je net hebt bewerkt. Deze verloopt na \u00e9\u00e9n dag.<\/p>\n\n<h3 class=\"wp-block-heading\">Ingesloten inhoud van andere websites<\/h3>\n\n<p>Berichten op deze site kunnen ingesloten inhoud bevatten (bijvoorbeeld video&#8217;s, afbeeldingen, artikelen, enz.). Ingesloten inhoud van andere websites gedraagt zich exact hetzelfde als alsof de bezoeker deze andere website heeft bezocht.<\/p>\n\n<p>Deze websites kunnen data over jou verzamelen, cookies gebruiken, extra third-party tracking tools insluiten en je interacties met deze ingesloten inhoud monitoren, inclusief de interactie met ingesloten inhoud als je een account hebt en ingelogd bent op die website.<\/p>\n\n<h3 class=\"wp-block-heading\">Statistieken en publieksmeting<\/h3>\n<p id=\"matomo_opted_out_intro\" style=\"display:none;\">Cookie d&#039;exclusion install\u00e9. Vos visites sur ce site web ne seront PAS enregistr\u00e9es par notre outil d&#039;analyse web. Note\u00a0: si vous nettoyez vos cookies et supprimez le cookie d&#039;exclusion, ou bien si vous changez d&#039;ordinateur et\/ou de navigateur, il vous faudra de nouveau effectuer la proc\u00e9dure d&#039;exclusion.<\/p><p id=\"matomo_opted_in_intro\" >Vous pouvez vous opposer au suivi de votre navigation sur ce site web. Cela prot\u00e9gera votre vie priv\u00e9e, mais emp\u00eachera \u00e9galement le propri\u00e9taire d&#039;apprendre de vos actions et de cr\u00e9er une meilleure exp\u00e9rience pour vous et les autres utilisateurs.<\/p><form>\n        <input type=\"checkbox\" id=\"matomo_optout_checkbox\" checked=\"checked\"\/>\n        <label for=\"matomo_optout_checkbox\"><strong>\n        <span id=\"matomo_opted_in_label\" >Vous n&#039;\u00eates pas exclu(e). D\u00e9cochez cette case pour vous exclure.<\/span>\n\t\t<span id=\"matomo_opted_out_label\" style=\"display:none;\">Vous n&#039;\u00eates actuellement pas suivi(e). Cochez cette case si vous acceptez d&#039;\u00eatre suivi.<\/span>\n        <\/strong><\/label><\/form><noscript><p><strong style=\"color: #ff0000;\">This opt out feature requires JavaScript.<\/strong><\/p><\/noscript><p id=\"matomo_outout_err_cookies\" style=\"display: none;\"><strong>La fonctionnalit\u00e9 de d\u00e9sactivation du suivi n\u00e9cessite que les cookies soient autoris\u00e9s.<\/strong><\/p>\n\n<h2 class=\"wp-block-heading\">Gebruik en overdracht van je persoonlijke gegevens<\/h2>\n\n<p>Als je een wachtwoordreset aanvraagt, wordt je IP-adres opgenomen in de reset-e-mail.<\/p>\n\n<h2 class=\"wp-block-heading\">Hoe lang we je data bewaren<\/h2>\n\n<p>Als je een reactie achterlaat, worden de reactie en de metadata ervan voor onbepaalde tijd bewaard. Op deze manier kunnen we automatisch vervolgreacties herkennen en goedkeuren in plaats van ze in de moderatiewachtrij te houden.<\/p>\n\n<p>Voor gebruikers die zich registreren op onze website (indien van toepassing), slaan we ook de persoonlijke informatie op die ze in hun profiel verstrekken. Alle gebruikers kunnen op elk moment hun persoonlijke informatie bekijken, bewerken of verwijderen (behalve hun gebruikersnaam). Websitebeheerders kunnen die informatie ook bekijken en bewerken.<\/p>\n\n<h2 class=\"wp-block-heading\">Welke rechten je hebt over je data<\/h2>\n\n<p>Als je een account hebt op deze site of reacties hebt achtergelaten, kun je verzoeken om een exportbestand van je persoonlijke data die we van je hebben, inclusief alle data die je ons hebt verstrekt. Je kunt ook verzoeken dat we alle persoonlijke data die we van je hebben wissen. Dit bevat geen data die we verplicht moeten bewaren in verband met administratieve, wettelijke of beveiligingsdoeleinden.<\/p>\n\n<h2 class=\"wp-block-heading\">Waar we je data naartoe sturen<\/h2>\n\n<p>Reacties van bezoekers kunnen door een geautomatiseerde spamdetectieservice worden gecontroleerd.<\/p>\n\n<h2 class=\"wp-block-heading\">Contactinformatie<\/h2>\n","protected":false},"excerpt":{"rendered":"<p>Wie zijn we? Het adres van onze site is: https:\/\/samuelvanille.com. Gebruik van verzamelde persoonlijke gegevens Reacties Als je een reactie achterlaat op onze site, worden de gegevens in het reactieformulier,&#8230;<\/p>\n","protected":false},"author":1,"featured_media":0,"parent":0,"menu_order":0,"comment_status":"closed","ping_status":"open","template":"","meta":{"footnotes":""},"class_list":["post-2514","page","type-page","status-publish"],"_links":{"self":[{"href":"https:\/\/samuelvanille.com\/nl\/wp-json\/wp\/v2\/pages\/2514","targetHints":{"allow":["GET"]}}],"collection":[{"href":"https:\/\/samuelvanille.com\/nl\/wp-json\/wp\/v2\/pages"}],"about":[{"href":"https:\/\/samuelvanille.com\/nl\/wp-json\/wp\/v2\/types\/page"}],"author":[{"embeddable":true,"href":"https:\/\/samuelvanille.com\/nl\/wp-json\/wp\/v2\/users\/1"}],"replies":[{"embeddable":true,"href":"https:\/\/samuelvanille.com\/nl\/wp-json\/wp\/v2\/comments?post=2514"}],"version-history":[{"count":1,"href":"https:\/\/samuelvanille.com\/nl\/wp-json\/wp\/v2\/pages\/2514\/revisions"}],"predecessor-version":[{"id":2516,"href":"https:\/\/samuelvanille.com\/nl\/wp-json\/wp\/v2\/pages\/2514\/revisions\/2516"}],"wp:attachment":[{"href":"https:\/\/samuelvanille.com\/nl\/wp-json\/wp\/v2\/media?parent=2514"}],"curies":[{"name":"wp","href":"https:\/\/api.w.org\/{rel}","templated":true}]}}